{"id":37,"date":"2025-02-06T15:25:31","date_gmt":"2025-02-06T15:25:31","guid":{"rendered":"https:\/\/volker-ladenthin.de\/a-propos-de-nous\/"},"modified":"2025-02-07T08:09:46","modified_gmt":"2025-02-07T08:09:46","slug":"a-propos-de-nous","status":"publish","type":"page","link":"https:\/\/volker-ladenthin.de\/ro\/a-propos-de-nous\/","title":{"rendered":"Despre noi"},"content":{"rendered":"<p>Chaque pi\u00e8ce vestimentaire raconte une histoire, chaque tenue refl\u00e8te une personnalit\u00e9. Ici, nous explorons l\u2019univers de la mode sous toutes ses facettes : des tendances \u00e9mergentes aux classiques intemporels, en passant par des conseils pour harmoniser votre garde-robe.<\/p>\n<p><img loading=\"lazy\" decoding=\"async\" class=\"aligncenter wp-image-36 size-full\" src=\"https:\/\/volker-ladenthin.de\/wp-content\/uploads\/2025\/02\/krasavicza.jpg\" alt=\"\" width=\"612\" height=\"459\" srcset=\"https:\/\/volker-ladenthin.de\/wp-content\/uploads\/2025\/02\/krasavicza.jpg 612w, https:\/\/volker-ladenthin.de\/wp-content\/uploads\/2025\/02\/krasavicza-300x225.jpg 300w\" sizes=\"auto, (max-width: 612px) 100vw, 612px\" \/><\/p>\n<h2>Ce Que Vous D\u00e9couvrirez Sur Notre Blog<\/h2>\n<ul>\n<li>Analyses des tendances mode du moment<\/li>\n<li>Id\u00e9es pour composer des tenues \u00e9l\u00e9gantes et originales<\/li>\n<li>Zoom sur les cr\u00e9ateurs et marques influentes<\/li>\n<li>Conseils pour choisir les mati\u00e8res et coupes adapt\u00e9es<\/li>\n<li>Inspiration pour affirmer votre propre style<\/li>\n<\/ul>\n<h2>Exprimez Votre Personnalit\u00e9 \u00e0 Travers la Mode<\/h2>\n<p>Que vous soyez passionn\u00e9 de haute couture, amateur de streetwear ou adepte du minimalisme, notre blog est une source d\u2019inspiration incontournable pour affiner votre style et faire de la mode un v\u00e9ritable terrain d\u2019expression.<\/p>","protected":false},"excerpt":{"rendered":"<p>Chaque pi\u00e8ce vestimentaire raconte une histoire, chaque tenue refl\u00e8te une personnalit\u00e9. Ici, nous explorons l\u2019univers de la mode sous toutes ses facettes : des tendances [&hellip;]<\/p>","protected":false},"author":1,"featured_media":0,"parent":0,"menu_order":0,"comment_status":"closed","ping_status":"closed","template":"","meta":{"_acf_changed":false,"footnotes":""},"class_list":["post-37","page","type-page","status-publish","hentry"],"acf":[],"yoast_head":"<!-- This site is optimized with the Yoast SEO plugin v23.2 - https:\/\/yoast.com\/wordpress\/plugins\/seo\/ -->\n<title>\u00c0 propos de nous - volker-ladenthin.de<\/title>\n<meta name=\"description\" content=\"Plongez dans l\u2019univers de la mode avec nos articles sur les tendances, conseils de style et inspirations pour un look unique.\" \/>\n<meta name=\"robots\" content=\"index, follow, max-snippet:-1, max-image-preview:large, max-video-preview:-1\" \/>\n<link rel=\"canonical\" href=\"https:\/\/volker-ladenthin.de\/ro\/a-propos-de-nous\/\" \/>\n<meta property=\"og:locale\" content=\"ro_RO\" \/>\n<meta property=\"og:type\" content=\"article\" \/>\n<meta property=\"og:title\" content=\"\u00c0 propos de nous - volker-ladenthin.de\" \/>\n<meta property=\"og:description\" content=\"Plongez dans l\u2019univers de la mode avec nos articles sur les tendances, conseils de style et inspirations pour un look unique.\" \/>\n<meta property=\"og:url\" content=\"https:\/\/volker-ladenthin.de\/ro\/a-propos-de-nous\/\" \/>\n<meta property=\"og:site_name\" content=\"volker-ladenthin.de\" \/>\n<meta property=\"article:modified_time\" content=\"2025-02-07T08:09:46+00:00\" \/>\n<meta property=\"og:image\" content=\"https:\/\/volker-ladenthin.de\/wp-content\/uploads\/2025\/02\/krasavicza.jpg\" \/>\n<meta name=\"twitter:card\" content=\"summary_large_image\" \/>\n<meta name=\"twitter:label1\" content=\"Timp estimat pentru citire\" \/>\n\t<meta name=\"twitter:data1\" content=\"2 minute\" \/>\n<script type=\"application\/ld+json\" class=\"yoast-schema-graph\">{\"@context\":\"https:\/\/schema.org\",\"@graph\":[{\"@type\":\"WebPage\",\"@id\":\"https:\/\/volker-ladenthin.de\/a-propos-de-nous\/\",\"url\":\"https:\/\/volker-ladenthin.de\/a-propos-de-nous\/\",\"name\":\"\u00c0 propos de nous - volker-ladenthin.de\",\"isPartOf\":{\"@id\":\"https:\/\/volker-ladenthin.de\/#website\"},\"primaryImageOfPage\":{\"@id\":\"https:\/\/volker-ladenthin.de\/a-propos-de-nous\/#primaryimage\"},\"image\":{\"@id\":\"https:\/\/volker-ladenthin.de\/a-propos-de-nous\/#primaryimage\"},\"thumbnailUrl\":\"https:\/\/volker-ladenthin.de\/wp-content\/uploads\/2025\/02\/krasavicza.jpg\",\"datePublished\":\"2025-02-06T15:25:31+00:00\",\"dateModified\":\"2025-02-07T08:09:46+00:00\",\"description\":\"Plongez dans l\u2019univers de la mode avec nos articles sur les tendances, conseils de style et inspirations pour un look unique.\",\"breadcrumb\":{\"@id\":\"https:\/\/volker-ladenthin.de\/a-propos-de-nous\/#breadcrumb\"},\"inLanguage\":\"ro-RO\",\"potentialAction\":[{\"@type\":\"ReadAction\",\"target\":[\"https:\/\/volker-ladenthin.de\/a-propos-de-nous\/\"]}]},{\"@type\":\"ImageObject\",\"inLanguage\":\"ro-RO\",\"@id\":\"https:\/\/volker-ladenthin.de\/a-propos-de-nous\/#primaryimage\",\"url\":\"https:\/\/volker-ladenthin.de\/wp-content\/uploads\/2025\/02\/krasavicza.jpg\",\"contentUrl\":\"https:\/\/volker-ladenthin.de\/wp-content\/uploads\/2025\/02\/krasavicza.jpg\"},{\"@type\":\"BreadcrumbList\",\"@id\":\"https:\/\/volker-ladenthin.de\/a-propos-de-nous\/#breadcrumb\",\"itemListElement\":[{\"@type\":\"ListItem\",\"position\":1,\"name\":\"Home\",\"item\":\"https:\/\/volker-ladenthin.de\/\"},{\"@type\":\"ListItem\",\"position\":2,\"name\":\"\u00c0 propos de nous\"}]},{\"@type\":\"WebSite\",\"@id\":\"https:\/\/volker-ladenthin.de\/#website\",\"url\":\"https:\/\/volker-ladenthin.de\/\",\"name\":\"volker-ladenthin.de\",\"description\":\"D\u00e9couvrez comment suivre la mode tout en restant unique\",\"potentialAction\":[{\"@type\":\"SearchAction\",\"target\":{\"@type\":\"EntryPoint\",\"urlTemplate\":\"https:\/\/volker-ladenthin.de\/?s={search_term_string}\"},\"query-input\":\"required name=search_term_string\"}],\"inLanguage\":\"ro-RO\"}]}<\/script>\n<!-- \/ Yoast SEO plugin. -->","yoast_head_json":{"title":"\u00c0 propos de nous - volker-ladenthin.de","description":"Plongez dans l\u2019univers de la mode avec nos articles sur les tendances, conseils de style et inspirations pour un look unique.","robots":{"index":"index","follow":"follow","max-snippet":"max-snippet:-1","max-image-preview":"max-image-preview:large","max-video-preview":"max-video-preview:-1"},"canonical":"https:\/\/volker-ladenthin.de\/ro\/a-propos-de-nous\/","og_locale":"ro_RO","og_type":"article","og_title":"\u00c0 propos de nous - volker-ladenthin.de","og_description":"Plongez dans l\u2019univers de la mode avec nos articles sur les tendances, conseils de style et inspirations pour un look unique.","og_url":"https:\/\/volker-ladenthin.de\/ro\/a-propos-de-nous\/","og_site_name":"volker-ladenthin.de","article_modified_time":"2025-02-07T08:09:46+00:00","og_image":[{"url":"https:\/\/volker-ladenthin.de\/wp-content\/uploads\/2025\/02\/krasavicza.jpg"}],"twitter_card":"summary_large_image","twitter_misc":{"Timp estimat pentru citire":"2 minute"},"schema":{"@context":"https:\/\/schema.org","@graph":[{"@type":"WebPage","@id":"https:\/\/volker-ladenthin.de\/a-propos-de-nous\/","url":"https:\/\/volker-ladenthin.de\/a-propos-de-nous\/","name":"\u00c0 propos de nous - volker-ladenthin.de","isPartOf":{"@id":"https:\/\/volker-ladenthin.de\/#website"},"primaryImageOfPage":{"@id":"https:\/\/volker-ladenthin.de\/a-propos-de-nous\/#primaryimage"},"image":{"@id":"https:\/\/volker-ladenthin.de\/a-propos-de-nous\/#primaryimage"},"thumbnailUrl":"https:\/\/volker-ladenthin.de\/wp-content\/uploads\/2025\/02\/krasavicza.jpg","datePublished":"2025-02-06T15:25:31+00:00","dateModified":"2025-02-07T08:09:46+00:00","description":"Plongez dans l\u2019univers de la mode avec nos articles sur les tendances, conseils de style et inspirations pour un look unique.","breadcrumb":{"@id":"https:\/\/volker-ladenthin.de\/a-propos-de-nous\/#breadcrumb"},"inLanguage":"ro-RO","potentialAction":[{"@type":"ReadAction","target":["https:\/\/volker-ladenthin.de\/a-propos-de-nous\/"]}]},{"@type":"ImageObject","inLanguage":"ro-RO","@id":"https:\/\/volker-ladenthin.de\/a-propos-de-nous\/#primaryimage","url":"https:\/\/volker-ladenthin.de\/wp-content\/uploads\/2025\/02\/krasavicza.jpg","contentUrl":"https:\/\/volker-ladenthin.de\/wp-content\/uploads\/2025\/02\/krasavicza.jpg"},{"@type":"BreadcrumbList","@id":"https:\/\/volker-ladenthin.de\/a-propos-de-nous\/#breadcrumb","itemListElement":[{"@type":"ListItem","position":1,"name":"Home","item":"https:\/\/volker-ladenthin.de\/"},{"@type":"ListItem","position":2,"name":"\u00c0 propos de nous"}]},{"@type":"WebSite","@id":"https:\/\/volker-ladenthin.de\/#website","url":"https:\/\/volker-ladenthin.de\/","name":"volker-ladenthin.de","description":"D\u00e9couvrez comment suivre la mode tout en restant unique","potentialAction":[{"@type":"SearchAction","target":{"@type":"EntryPoint","urlTemplate":"https:\/\/volker-ladenthin.de\/?s={search_term_string}"},"query-input":"required name=search_term_string"}],"inLanguage":"ro-RO"}]}},"yoast_meta":{"yoast_wpseo_title":"","yoast_wpseo_metadesc":"","yoast_wpseo_canonical":"https:\/\/volker-ladenthin.de\/ro\/wp-json\/wp\/v2\/pages\/37"},"_links":{"self":[{"href":"https:\/\/volker-ladenthin.de\/ro\/wp-json\/wp\/v2\/pages\/37","targetHints":{"allow":["GET"]}}],"collection":[{"href":"https:\/\/volker-ladenthin.de\/ro\/wp-json\/wp\/v2\/pages"}],"about":[{"href":"https:\/\/volker-ladenthin.de\/ro\/wp-json\/wp\/v2\/types\/page"}],"author":[{"embeddable":true,"href":"https:\/\/volker-ladenthin.de\/ro\/wp-json\/wp\/v2\/users\/1"}],"replies":[{"embeddable":true,"href":"https:\/\/volker-ladenthin.de\/ro\/wp-json\/wp\/v2\/comments?post=37"}],"version-history":[{"count":1,"href":"https:\/\/volker-ladenthin.de\/ro\/wp-json\/wp\/v2\/pages\/37\/revisions"}],"predecessor-version":[{"id":42,"href":"https:\/\/volker-ladenthin.de\/ro\/wp-json\/wp\/v2\/pages\/37\/revisions\/42"}],"wp:attachment":[{"href":"https:\/\/volker-ladenthin.de\/ro\/wp-json\/wp\/v2\/media?parent=37"}],"curies":[{"name":"wp","href":"https:\/\/api.w.org\/{rel}","templated":true}]}}