{"id":38,"date":"2025-02-06T15:25:33","date_gmt":"2025-02-06T15:25:33","guid":{"rendered":"https:\/\/volker-ladenthin.de\/contacts\/"},"modified":"2025-02-06T15:25:33","modified_gmt":"2025-02-06T15:25:33","slug":"contacts","status":"publish","type":"page","link":"https:\/\/volker-ladenthin.de\/ro\/contacts\/","title":{"rendered":"Contacte"},"content":{"rendered":"<p>Ave\u021bi nevoie de informa\u021bii despre articolele, tendin\u021bele modei sau colec\u021biile noastre? Echipa noastr\u0103 este disponibil\u0103 s\u0103 v\u0103 r\u0103spund\u0103 c\u00e2t mai cur\u00e2nd posibil. Suntem \u00eenc\u00e2nta\u021bi s\u0103 discut\u0103m cu dumneavoastr\u0103 despre mod\u0103 \u0219i s\u0103 v\u0103 oferim sfaturi cu privire la produsele noastre.<\/p>\n<h2>Trimite\u021bi-ne un mesaj<\/h2>\n<p>Folose\u0219te formularul de mai jos pentru a pune \u00eentreb\u0103ri sau pentru a \u00eemp\u0103rt\u0103\u0219i sugestiile tale.<\/p>\n<form action=\"mailto:contact@volker-ladenthin.de\" method=\"POST\" enctype=\"text\/plain\" data-trp-original-action=\"mailto:contact@volker-ladenthin.de\">\n      <label for=\"name\">Nume:<\/label><br \/>\n      <input type=\"text\" id=\"name\" name=\"name\" required><\/p>\n<p>      <label for=\"email\">Adresa de e-mail :<\/label><br \/>\n      <input type=\"email\" id=\"email\" name=\"email\" required><\/p>\n<p>      <label for=\"message\">Mesajul dvs :<\/label><br \/>\n      <textarea id=\"message\" name=\"message\" rows=\"4\" cols=\"50\" required><\/textarea><\/p>\n<p>      <button type=\"submit\">Trimite<\/button><br \/>\n    <input type=\"hidden\" name=\"trp-form-language\" value=\"ro\"\/><\/form>","protected":false},"excerpt":{"rendered":"<p>Besoin d&rsquo;un renseignement sur nos articles, nos tendances mode ou nos collections ? Notre \u00e9quipe est disponible pour vous r\u00e9pondre dans les plus brefs d\u00e9lais. [&hellip;]<\/p>","protected":false},"author":1,"featured_media":0,"parent":0,"menu_order":0,"comment_status":"closed","ping_status":"closed","template":"","meta":{"_acf_changed":false,"footnotes":""},"class_list":["post-38","page","type-page","status-publish","hentry"],"acf":[],"yoast_head":"<!-- This site is optimized with the Yoast SEO plugin v23.2 - https:\/\/yoast.com\/wordpress\/plugins\/seo\/ -->\n<title>Contacts - volker-ladenthin.de<\/title>\n<meta name=\"robots\" content=\"index, follow, max-snippet:-1, max-image-preview:large, max-video-preview:-1\" \/>\n<link rel=\"canonical\" href=\"https:\/\/volker-ladenthin.de\/ro\/contacts\/\" \/>\n<meta property=\"og:locale\" content=\"ro_RO\" \/>\n<meta property=\"og:type\" content=\"article\" \/>\n<meta property=\"og:title\" content=\"Contacts - volker-ladenthin.de\" \/>\n<meta property=\"og:description\" content=\"Besoin d&rsquo;un renseignement sur nos articles, nos tendances mode ou nos collections ? Notre \u00e9quipe est disponible pour vous r\u00e9pondre dans les plus brefs d\u00e9lais. [&hellip;]\" \/>\n<meta property=\"og:url\" content=\"https:\/\/volker-ladenthin.de\/ro\/contacts\/\" \/>\n<meta property=\"og:site_name\" content=\"volker-ladenthin.de\" \/>\n<meta name=\"twitter:card\" content=\"summary_large_image\" \/>\n<script type=\"application\/ld+json\" class=\"yoast-schema-graph\">{\"@context\":\"https:\/\/schema.org\",\"@graph\":[{\"@type\":\"WebPage\",\"@id\":\"https:\/\/volker-ladenthin.de\/contacts\/\",\"url\":\"https:\/\/volker-ladenthin.de\/contacts\/\",\"name\":\"Contacts - volker-ladenthin.de\",\"isPartOf\":{\"@id\":\"https:\/\/volker-ladenthin.de\/#website\"},\"datePublished\":\"2025-02-06T15:25:33+00:00\",\"dateModified\":\"2025-02-06T15:25:33+00:00\",\"breadcrumb\":{\"@id\":\"https:\/\/volker-ladenthin.de\/contacts\/#breadcrumb\"},\"inLanguage\":\"ro-RO\",\"potentialAction\":[{\"@type\":\"ReadAction\",\"target\":[\"https:\/\/volker-ladenthin.de\/contacts\/\"]}]},{\"@type\":\"BreadcrumbList\",\"@id\":\"https:\/\/volker-ladenthin.de\/contacts\/#breadcrumb\",\"itemListElement\":[{\"@type\":\"ListItem\",\"position\":1,\"name\":\"Home\",\"item\":\"https:\/\/volker-ladenthin.de\/\"},{\"@type\":\"ListItem\",\"position\":2,\"name\":\"Contacts\"}]},{\"@type\":\"WebSite\",\"@id\":\"https:\/\/volker-ladenthin.de\/#website\",\"url\":\"https:\/\/volker-ladenthin.de\/\",\"name\":\"volker-ladenthin.de\",\"description\":\"D\u00e9couvrez comment suivre la mode tout en restant unique\",\"potentialAction\":[{\"@type\":\"SearchAction\",\"target\":{\"@type\":\"EntryPoint\",\"urlTemplate\":\"https:\/\/volker-ladenthin.de\/?s={search_term_string}\"},\"query-input\":\"required name=search_term_string\"}],\"inLanguage\":\"ro-RO\"}]}<\/script>\n<!-- \/ Yoast SEO plugin. -->","yoast_head_json":{"title":"Contacts - volker-ladenthin.de","robots":{"index":"index","follow":"follow","max-snippet":"max-snippet:-1","max-image-preview":"max-image-preview:large","max-video-preview":"max-video-preview:-1"},"canonical":"https:\/\/volker-ladenthin.de\/ro\/contacts\/","og_locale":"ro_RO","og_type":"article","og_title":"Contacts - volker-ladenthin.de","og_description":"Besoin d&rsquo;un renseignement sur nos articles, nos tendances mode ou nos collections ? Notre \u00e9quipe est disponible pour vous r\u00e9pondre dans les plus brefs d\u00e9lais. [&hellip;]","og_url":"https:\/\/volker-ladenthin.de\/ro\/contacts\/","og_site_name":"volker-ladenthin.de","twitter_card":"summary_large_image","schema":{"@context":"https:\/\/schema.org","@graph":[{"@type":"WebPage","@id":"https:\/\/volker-ladenthin.de\/contacts\/","url":"https:\/\/volker-ladenthin.de\/contacts\/","name":"Contacts - volker-ladenthin.de","isPartOf":{"@id":"https:\/\/volker-ladenthin.de\/#website"},"datePublished":"2025-02-06T15:25:33+00:00","dateModified":"2025-02-06T15:25:33+00:00","breadcrumb":{"@id":"https:\/\/volker-ladenthin.de\/contacts\/#breadcrumb"},"inLanguage":"ro-RO","potentialAction":[{"@type":"ReadAction","target":["https:\/\/volker-ladenthin.de\/contacts\/"]}]},{"@type":"BreadcrumbList","@id":"https:\/\/volker-ladenthin.de\/contacts\/#breadcrumb","itemListElement":[{"@type":"ListItem","position":1,"name":"Home","item":"https:\/\/volker-ladenthin.de\/"},{"@type":"ListItem","position":2,"name":"Contacts"}]},{"@type":"WebSite","@id":"https:\/\/volker-ladenthin.de\/#website","url":"https:\/\/volker-ladenthin.de\/","name":"volker-ladenthin.de","description":"D\u00e9couvrez comment suivre la mode tout en restant unique","potentialAction":[{"@type":"SearchAction","target":{"@type":"EntryPoint","urlTemplate":"https:\/\/volker-ladenthin.de\/?s={search_term_string}"},"query-input":"required name=search_term_string"}],"inLanguage":"ro-RO"}]}},"yoast_meta":{"yoast_wpseo_title":"","yoast_wpseo_metadesc":"","yoast_wpseo_canonical":"https:\/\/volker-ladenthin.de\/ro\/wp-json\/wp\/v2\/pages\/38"},"_links":{"self":[{"href":"https:\/\/volker-ladenthin.de\/ro\/wp-json\/wp\/v2\/pages\/38","targetHints":{"allow":["GET"]}}],"collection":[{"href":"https:\/\/volker-ladenthin.de\/ro\/wp-json\/wp\/v2\/pages"}],"about":[{"href":"https:\/\/volker-ladenthin.de\/ro\/wp-json\/wp\/v2\/types\/page"}],"author":[{"embeddable":true,"href":"https:\/\/volker-ladenthin.de\/ro\/wp-json\/wp\/v2\/users\/1"}],"replies":[{"embeddable":true,"href":"https:\/\/volker-ladenthin.de\/ro\/wp-json\/wp\/v2\/comments?post=38"}],"version-history":[{"count":0,"href":"https:\/\/volker-ladenthin.de\/ro\/wp-json\/wp\/v2\/pages\/38\/revisions"}],"wp:attachment":[{"href":"https:\/\/volker-ladenthin.de\/ro\/wp-json\/wp\/v2\/media?parent=38"}],"curies":[{"name":"wp","href":"https:\/\/api.w.org\/{rel}","templated":true}]}}